{"id":8062,"date":"2025-06-18T19:56:11","date_gmt":"2025-06-18T19:56:11","guid":{"rendered":"https:\/\/globe-adventurer.com\/faq\/"},"modified":"2026-02-10T18:28:33","modified_gmt":"2026-02-10T18:28:33","slug":"faq","status":"publish","type":"page","link":"https:\/\/globe-adventurer.com\/fr\/willkommen\/faq\/","title":{"rendered":"Conditions g\u00e9n\u00e9rales"},"content":{"rendered":"<p class=\"wp-block-paragraph\"><strong>Wer kann teilnehmen?<\/strong><br \/>Gefahren wird die Rally in Teams. Jedes Team verf\u00fcgt \u00fcber mindestens einen Teilnehmer<br \/>und ein Fahrzeug. Die Bedingung ist, dass jedes Teammitglied im Rallyefahrzeug des<br \/>Teams einen Sitzplatz findet. Bei Motorradteams gehen wir von 1-2 Fahrzeugen und<br \/>Teilnehmern aus. Teilnehmen kann jeder ab 18 Jahren, der einen g\u00fcltigen F\u00fchrerschein und&nbsp;ein Fahrzeug hat.&nbsp;Beifahrer d\u00fcrfen auch j\u00fcnger sein.&nbsp;Versicherung ist Sache der Teilnehmer, die Stra\u00dfenverkehr-Tauglichkeit&nbsp;des Fahrzeugs wird vorausgesetzt.<\/p>\n\n\n\n<p class=\"wp-block-paragraph\"><\/p>\n\n\n\n<p class=\"wp-block-paragraph\"><strong>Wo findet die Rallye statt?<\/strong><br \/>Die Ausgabe 2026 startet&nbsp;am 25. April 2026 um 09.00h&nbsp;in der Region Sankt Gallen und endet&nbsp;am 26. April&nbsp;in der Region Bellinzona.&nbsp;Der Zieleinlauf ist ab 16.00h geplant, damit es jedem noch nachhause reicht.&nbsp;Momentan laufen noch die Abkl\u00e4rungen und&nbsp;die Bewilligungen werden eingeholt. Sobald genaues feststeht, werden die angemeldeten Teams informiert, sp\u00e4testens bei Anmeldeschluss.&nbsp;Aber auf die Region kann man sich jetzt schon verlassen.<\/p>\n\n\n\n<p class=\"wp-block-paragraph\"><\/p>\n\n\n\n<p class=\"s7 wp-block-paragraph\"><strong>Wo kann ich \u00fcbernachten?<\/strong><br \/>Grunds\u00e4tzlich wo Du m\u00f6chtest, die \u00dcbernachtung ist Sache der Teilnehmer. Von der \u00dcbernachtung im Rallyefahrzeug bis zur&nbsp;5-Sterne-Suite, die Grenzen sind Deine eigenen Mittel, die Du daf\u00fcr aufwenden m\u00f6chtest.<br \/>Wildcampen ist zwar grunds\u00e4tzlich unterhalb der Baumgrenze verboten, jedoch bieten verschiedene Apps M\u00f6glichkeiten sich g\u00fcnstig \u00fcber die Nacht zu bringen. Wir empfehlen da&nbsp;die App von park4night. Es gibt jedoch in der Schweiz auch unz\u00e4hlige Campingpl\u00e4tze,<br \/>Jugendherbergen, B&amp;B, Bauernh\u00f6fe und, und, und\u2026 die mehr als genug<br \/>\u00dcbernachtungsm\u00f6glichkeiten im legalen und erschwinglichen Rahmen bieten.<\/p>\n\n\n\n<p class=\"wp-block-paragraph\"><\/p>\n\n\n\n<p class=\"wp-block-paragraph\"><strong>Was kann ich essen?<\/strong><br \/>Grunds\u00e4tzlich&nbsp;auch hier,&nbsp;was&nbsp;Du m\u00f6chtest. Es gibt ein&nbsp;Startevent mit Kaffee, Tee, Saft und Gipfeli\/Brot und ein Schlussevent mit einem Ap\u00e9ro. Die restlichen Verpflegungen sind unterwegs und&nbsp;aufgrund der Verteilung der Teams Sache der Teilnehmer.<\/p>\n\n\n\n<p class=\"wp-block-paragraph\"><\/p>\n\n\n\n<p class=\"s7 wp-block-paragraph\"><strong>Wie werden die Punkte vergeben?<\/strong><br \/>Jedes Team hat dieselben M\u00f6glichkeiten Punkte zu machen. Gefahren wird in einer<br \/>Kategorie, Fahrzeuge \u00fcber 40 Jahre oder Fahrzeuge mit weniger als 70 PS Leistung<br \/>erhalten einmalig pro Kriterium 10 Punkte zus\u00e4tzlich, total also max. 20 Punkte zus\u00e4tzlich. Die Tageschallenges geben pro&nbsp;erf\u00fcllter Challenge 20 Punkte.<br \/>Dazu kommen die verschiedenen, Sidequests genannte, Challenges, welche<br \/>unterschiedliche Punkte ergeben. Jeder Frame, an dem das Team ein Bild von sich macht,&nbsp;ergibt nochmals ein&nbsp;paar&nbsp;Punkte, je nach Schwierigkeit&nbsp;und pro 5 Frames nochmals 5 Punkte als zus\u00e4tzlichen Bonus.<br \/>Dadurch soll der Ausgang der Rallye v\u00f6llig offenbleiben. Strategische Planung der<br \/>Sidequests und das Bestehen der Tageschallenges wird wichtiger sein als das Alter der<br \/>Fahrzeuge und\/oder deren Leistung. Die meisten Challenges werdet ihr allein l\u00f6sen k\u00f6nnen,&nbsp;aber f\u00fcr manche m\u00fcsst ihr mit anderen Teams zusammenarbeiten.<\/p>\n\n\n\n<p class=\"wp-block-paragraph\"><\/p>\n\n\n\n<p class=\"wp-block-paragraph\"><strong>Was kriege ich f\u00fcr mein Geld?<\/strong><br \/>Du und Dein Team erhaltet&nbsp;zuallererst mal ein&nbsp;hochwertiges&nbsp;Roadbook, welches auch nach der Rallye f\u00fcr den einen oder anderen Ausflug eine&nbsp;grossartige&nbsp;Quelle der Inspiration sein kann. Dazu gibt es Rallye-H\u00fcte und&nbsp;die Startnummern f\u00fcr auf das Auto.&nbsp;Das ganze bequem vorverpackt in einem Rallye-Kitchenerbag.&nbsp;Dazu allerlei Kleinkram wie Kleber und anderes. Und nicht zu vergessen die B\u00fcroklammer!<\/p>\n\n\n\n<p class=\"wp-block-paragraph\"><\/p>\n\n\n\n<p class=\"wp-block-paragraph\"><strong>Was&nbsp;kann ich&nbsp;gewinnen?<\/strong><br \/>Die ersten drei Pl\u00e4tze werden von uns pr\u00e4miert mit einem Preis, der nicht&nbsp;Staubf\u00e4nger,&nbsp;sondern praktisch ist. Und im nichtmateriellen Sinn gewinnt Ihr eine neue Sicht auf die Schweiz und wer weiss, vielleicht sogar neue Freunde.<\/p>\n\n\n\n<p class=\"wp-block-paragraph\"><\/p>\n\n\n\n<p class=\"wp-block-paragraph\"><strong>Aber ich kann doch trotzdem schnell fahren?<\/strong><br \/>Physikalisch betrachtet ja, jedoch ist das auch immer relativ Es sei darauf hingewiesen, dass&nbsp;die Schweiz im Guinness Buch der Rekorde steht f\u00fcr die h\u00f6chste Busse, die jemals an einen&nbsp;Tempos\u00fcnder verteilt wurde. Da die Rallye auf \u00f6ffentlichen Strassen stattfindet, ist das&nbsp;Strassenverkehrsgesetz einzuhalten. Die Organisatoren behalten sich das Recht vor,&nbsp;Teams, die durch R\u00fccksichtslosigkeit wiederholt negativ auffallen,&nbsp;entsch\u00e4digungslos&nbsp;auszuschliessen. Schliesslich wollen wir alle Spass haben und gesund und voller sch\u00f6ner&nbsp;Erinnerungen wieder nach Hause fahren. Mit der Teilnahme an der Rallye stimmt Ihr diesen Bedingungen zu.<\/p>","protected":false},"excerpt":{"rendered":"<p>FAQ &hellip; <a class=\"more-link\" href=\"https:\/\/globe-adventurer.com\/fr\/willkommen\/faq\/\">More <span class=\"screen-reader-text\">Conditions g\u00e9n\u00e9rales<\/span><\/a><\/p>","protected":false},"author":108044740,"featured_media":0,"parent":2,"menu_order":1,"comment_status":"closed","ping_status":"closed","template":"template-home.php","meta":{"_coblocks_attr":"","_coblocks_dimensions":"","_coblocks_responsive_height":"","_coblocks_accordion_ie_support":"","_crdt_document":"","advanced_seo_description":"","jetpack_seo_html_title":"","jetpack_seo_noindex":false,"footnotes":""},"tags":[],"class_list":["post-8062","page","type-page","status-publish","hentry"],"jetpack_likes_enabled":true,"jetpack_sharing_enabled":true,"jetpack_shortlink":"https:\/\/wp.me\/P93BEs-262","jetpack-related-posts":[],"_links":{"self":[{"href":"https:\/\/globe-adventurer.com\/fr\/wp-json\/wp\/v2\/pages\/8062","targetHints":{"allow":["GET"]}}],"collection":[{"href":"https:\/\/globe-adventurer.com\/fr\/wp-json\/wp\/v2\/pages"}],"about":[{"href":"https:\/\/globe-adventurer.com\/fr\/wp-json\/wp\/v2\/types\/page"}],"author":[{"embeddable":true,"href":"https:\/\/globe-adventurer.com\/fr\/wp-json\/wp\/v2\/users\/108044740"}],"replies":[{"embeddable":true,"href":"https:\/\/globe-adventurer.com\/fr\/wp-json\/wp\/v2\/comments?post=8062"}],"version-history":[{"count":8,"href":"https:\/\/globe-adventurer.com\/fr\/wp-json\/wp\/v2\/pages\/8062\/revisions"}],"predecessor-version":[{"id":9488,"href":"https:\/\/globe-adventurer.com\/fr\/wp-json\/wp\/v2\/pages\/8062\/revisions\/9488"}],"up":[{"embeddable":true,"href":"https:\/\/globe-adventurer.com\/fr\/wp-json\/wp\/v2\/pages\/2"}],"wp:attachment":[{"href":"https:\/\/globe-adventurer.com\/fr\/wp-json\/wp\/v2\/media?parent=8062"}],"wp:term":[{"taxonomy":"post_tag","embeddable":true,"href":"https:\/\/globe-adventurer.com\/fr\/wp-json\/wp\/v2\/tags?post=8062"}],"curies":[{"name":"wp","href":"https:\/\/api.w.org\/{rel}","templated":true}]}}